{"id":3461,"date":"2025-07-31T17:14:22","date_gmt":"2025-07-31T09:14:22","guid":{"rendered":"https:\/\/www.orinoxsteel.com\/?page_id=3461"},"modified":"2025-08-04T09:10:18","modified_gmt":"2025-08-04T01:10:18","slug":"privacy-policy","status":"publish","type":"page","link":"https:\/\/www.orinoxsteel.com\/es\/privacy-policy\/","title":{"rendered":"Privacy Policy"},"content":{"rendered":"<div class=\"wpb-content-wrapper\"><div class=\"vc_row wpb_row vc_row-fluid\"><div class=\"wpb_column vc_column_container vc_col-md-12\"><div class=\"vc_column-inner\"><div class=\"wpb_wrapper\">\n\t<div class=\"wpb_text_column wpb_content_element\" >\n\t\t<div class=\"wpb_wrapper\">\n\t\t\t<h2 data-section-id=\"1jikp2b\" data-start=\"105\" data-end=\"128\"><strong data-start=\"108\" data-end=\"126\">Privacy Policy<\/strong><\/h2>\n<p data-start=\"129\" data-end=\"160\">Fecha de entrada en vigor: 20 de julio de 2025<\/p>\n<p data-start=\"162\" data-end=\"422\" class=\"translation-block\">En <strong data-start=\"165\" data-end=\"188\"><a class=\"\" href=\"https:\/\/www.orinoxsteel.com\/es\" target=\"_new\" rel=\"noopener\" data-start=\"167\" data-end=\"186\">www.orinoxsteel.com<\/a><\/strong> (en lo sucesivo denominado \"OrinoxSteel\"), valoramos y respetamos la privacidad de cada visitante. Esta Pol\u00edtica de Privacidad explica qu\u00e9 tipos de informaci\u00f3n personal podemos recopilar, c\u00f3mo la utilizamos y las opciones que tienes con respecto a tus datos.<\/p>\n<hr data-start=\"424\" data-end=\"427\" \/>\n<h3 data-section-id=\"kg6pnw\" data-start=\"429\" data-end=\"464\"><strong data-start=\"433\" data-end=\"462\">Publicidad en motores de b\u00fasqueda<\/strong><\/h3>\n<p data-start=\"465\" data-end=\"882\" class=\"translation-block\">Para mejorar nuestra visibilidad en l\u00ednea y llegar a clientes potenciales, OrinoxSteel utiliza plataformas de publicidad paga como <strong data-start=\"581\" data-end=\"595\">Google Ads<\/strong><span data-start=\"581\" data-end=\"595\">, <\/span><strong data-start=\"600\" data-end=\"612\">Bing Ads y Yandex Ads<\/strong>. Estas plataformas pueden colocar tecnolog\u00edas de seguimiento como cookies o etiquetas de p\u00edxel en nuestro sitio para monitorizar el comportamiento de los usuarios, incluidas las direcciones IP, las p\u00e1ginas visitadas y el tiempo dedicado al sitio. Estos datos nos ayudan a mejorar el rendimiento publicitario y a ofrecer contenido relevante a los visitantes.<\/p>\n<hr data-start=\"884\" data-end=\"887\" \/>\n<h3 data-section-id=\"1accyyi\" data-start=\"889\" data-end=\"938\"><strong data-start=\"893\" data-end=\"936\">Recopilaci\u00f3n de informaci\u00f3n de contacto empresarial<\/strong><\/h3>\n<p data-start=\"939\" data-end=\"1364\" class=\"translation-block\">Cuando nos contactas a trav\u00e9s de formularios web, correo electr\u00f3nico o chat en vivo, recopilamos tu <strong data-start=\"1015\" data-end=\"1062\">nombre, correo electr\u00f3nico, n\u00famero de tel\u00e9fono, empresa, pa\u00eds<\/strong> y el contenido de la consulta relacionada. Esta informaci\u00f3n se <strong data-start=\"1113\" data-end=\"1166\">utiliza exclusivamente para comunicaciones comerciales internas<\/strong> y para ayudar con tu solicitud. OrinoxSteel garantiza la <strong data-start=\"1227\" data-end=\"1259\">confidencialidad y seguridad<\/strong> de los datos que env\u00edas y no los vende, comercia ni los revela a terceros, a menos que lo exija la ley.<\/p>\n<hr data-start=\"1366\" data-end=\"1369\" \/>\n<h3 data-section-id=\"fy8zq7\" data-start=\"1371\" data-end=\"1409\"><strong data-start=\"1375\" data-end=\"1407\">Uso de la informaci\u00f3n recopilada<\/strong><\/h3>\n<p data-start=\"1410\" data-end=\"1490\">Utilizamos su informaci\u00f3n personal para los siguientes fines comerciales leg\u00edtimos:<\/p>\n<ol data-start=\"1492\" data-end=\"1952\">\n<li data-start=\"1492\" data-end=\"1556\">\n<p data-start=\"1495\" data-end=\"1556\">Para responder a sus consultas sobre productos o solicitudes de cotizaci\u00f3n.<\/p>\n<\/li>\n<li data-start=\"1557\" data-end=\"1628\">\n<p data-start=\"1560\" data-end=\"1628\">Proporcionar actualizaciones relacionadas con sus pedidos, env\u00edos o servicios.<\/p>\n<\/li>\n<li data-start=\"1629\" data-end=\"1730\">\n<p data-start=\"1632\" data-end=\"1730\">Para enviar correos electr\u00f3nicos promocionales ocasionales, boletines informativos o actualizaciones de productos (solo con su consentimiento).<\/p>\n<\/li>\n<li data-start=\"1731\" data-end=\"1794\">\n<p data-start=\"1734\" data-end=\"1794\">Para mejorar la funcionalidad del sitio y la experiencia del usuario.<\/p>\n<\/li>\n<li data-start=\"1795\" data-end=\"1862\">\n<p data-start=\"1798\" data-end=\"1862\">Cumplir con las obligaciones legales aplicables o las investigaciones.<\/p>\n<\/li>\n<li data-start=\"1863\" data-end=\"1952\">\n<p data-start=\"1866\" data-end=\"1952\">Para detectar y prevenir fraudes, abusos o accesos no autorizados a nuestro sitio web y sistemas.<\/p>\n<\/li>\n<\/ol>\n<hr data-start=\"1954\" data-end=\"1957\" \/>\n<h3 data-section-id=\"ohaegq\" data-start=\"1959\" data-end=\"1998\"><strong data-start=\"1963\" data-end=\"1996\">Tus derechos y opciones de exclusi\u00f3n<\/strong><\/h3>\n<p data-start=\"1999\" data-end=\"2021\">Tienes derecho a:<\/p>\n<ul data-start=\"2023\" data-end=\"2251\">\n<li data-start=\"2023\" data-end=\"2081\">\n<p data-start=\"2025\" data-end=\"2081\">Solicitar acceso o correcci\u00f3n de sus datos personales.<\/p>\n<\/li>\n<li data-start=\"2082\" data-end=\"2185\">\n<p data-start=\"2084\" data-end=\"2185\">Puede cancelar la suscripci\u00f3n a nuestros correos electr\u00f3nicos de marketing en cualquier momento haciendo clic en el enlace \"cancelar suscripci\u00f3n\" en el pie de p\u00e1gina.<\/p>\n<\/li>\n<li data-start=\"2186\" data-end=\"2251\">\n<p data-start=\"2188\" data-end=\"2251\">Solicite la eliminaci\u00f3n o restricci\u00f3n de su informaci\u00f3n personal.<\/p>\n<\/li>\n<\/ul>\n<p data-start=\"2253\" data-end=\"2402\" class=\"translation-block\">Para ejercer sus derechos, env\u00edenos un correo electr\u00f3nico a <strong data-start=\"2297\" data-end=\"2323\"><a class=\"cursor-pointer\" rel=\"noopener\" data-start=\"2299\" data-end=\"2321\" target=\"_self\">marketing@orinoxsteel.com<\/a><\/strong>. <em data-start=\"2325\" data-end=\"2402\">No incluya informaci\u00f3n sensible como n\u00fameros de tarjetas de cr\u00e9dito a trav\u00e9s de correo electr\u00f3nico.<\/em><\/p>\n<hr data-start=\"2404\" data-end=\"2407\" \/>\n<h3 data-section-id=\"5ryxs\" data-start=\"2409\" data-end=\"2432\"><strong data-start=\"2413\" data-end=\"2430\">Seguridad de datos<\/strong><\/h3>\n<p data-start=\"2433\" data-end=\"2582\" class=\"translation-block\">Implementamos las <strong data-start=\"2458\" data-end=\"2501\">medidas t\u00e9cnicas y organizativas apropiadas<\/strong> para proteger su informaci\u00f3n contra el acceso no autorizado, la alteraci\u00f3n o la divulgaci\u00f3n.<\/p>\n<hr data-start=\"2584\" data-end=\"2587\" \/>\n<h3 data-section-id=\"wwu4bo\" data-start=\"2589\" data-end=\"2613\"><strong data-start=\"2593\" data-end=\"2611\">Actualizaciones de pol\u00edticas<\/strong><\/h3>\n<p data-start=\"2614\" data-end=\"2795\">Podemos actualizar esta Pol\u00edtica de Privacidad de vez en cuando. La versi\u00f3n actualizada se publicar\u00e1 en esta p\u00e1gina con la fecha de entrada en vigor revisada. Por favor, rev\u00edsela peri\u00f3dicamente para mantenerse informado.<\/p>\n<hr data-start=\"2797\" data-end=\"2800\" \/>\n<p data-start=\"2802\" data-end=\"2985\">\ud83d\udce9 Para cualquier pregunta o inquietud sobre esta Pol\u00edtica de Privacidad, cont\u00e1ctenos en:<br data-start=\"2883\" data-end=\"2886\" \/><strong data-start=\"2886\" data-end=\"2896\">Email:<\/strong> <a class=\"cursor-pointer\" rel=\"noopener\" data-start=\"2897\" data-end=\"2919\">marketing@orinoxsteel.com<\/a><br data-start=\"2919\" data-end=\"2922\" \/><strong data-start=\"2922\" data-end=\"2934\">Website:<\/strong> <a class=\"\" href=\"https:\/\/www.orinoxsteel.com\/es\/\" target=\"_new\" rel=\"noopener\" data-start=\"2935\" data-end=\"2985\">www.orinoxsteel.com<\/a><\/p>\n\n\t\t<\/div>\n\t<\/div>\n<\/div><\/div><\/div><\/div>\n<\/div>","protected":false},"excerpt":{"rendered":"Privacy Policy Effective Date: July 20, 2025 At www.orinoxsteel.com (hereafter referred to as \u201cOrinoxSteel\u201d), we value and respect the privacy of every visitor. This Privacy Policy explains what types of personal information we may collect, how we use it, and &hellip;","protected":false},"author":1,"featured_media":0,"parent":0,"menu_order":0,"comment_status":"closed","ping_status":"closed","template":"","meta":{"footnotes":""},"class_list":["post-3461","page","type-page","status-publish","hentry"],"aioseo_notices":[],"aioseo_head":"\n\t\t<!-- All in One SEO Pro 4.7.9 - aioseo.com -->\n\t\t<meta name=\"description\" content=\"Read how OrinoxSteel handles your data securely. Learn about our privacy practices related to inquiries, advertising, and customer communications.\" \/>\n\t\t<meta name=\"robots\" content=\"max-image-preview:large\" \/>\n\t\t<link rel=\"canonical\" href=\"https:\/\/www.orinoxsteel.com\/es\/privacy-policy\/\" \/>\n\t\t<meta name=\"generator\" content=\"All in One SEO Pro (AIOSEO) 4.7.9\" \/>\n\t\t<meta property=\"og:locale\" content=\"es_ES\" \/>\n\t\t<meta property=\"og:site_name\" content=\"orinoxsteel \u2013 A leading stainless steel supplier\" \/>\n\t\t<meta property=\"og:type\" content=\"article\" \/>\n\t\t<meta property=\"og:title\" content=\"Privacy Policy | OrinoxSteel - Stainless Steel Exporter\" \/>\n\t\t<meta property=\"og:description\" content=\"Read how OrinoxSteel handles your data securely. Learn about our privacy practices related to inquiries, advertising, and customer communications.\" \/>\n\t\t<meta property=\"og:url\" content=\"https:\/\/www.orinoxsteel.com\/es\/privacy-policy\/\" \/>\n\t\t<meta property=\"article:published_time\" content=\"2025-07-31T09:14:22+00:00\" \/>\n\t\t<meta property=\"article:modified_time\" content=\"2025-08-04T01:10:18+00:00\" \/>\n\t\t<meta name=\"twitter:card\" content=\"summary_large_image\" \/>\n\t\t<meta name=\"twitter:title\" content=\"Privacy Policy | OrinoxSteel - Stainless Steel Exporter\" \/>\n\t\t<meta name=\"twitter:description\" content=\"Read how OrinoxSteel handles your data securely. Learn about our privacy practices related to inquiries, advertising, and customer communications.\" \/>\n\t\t<script type=\"application\/ld+json\" class=\"aioseo-schema\">\n\t\t\t{\"@context\":\"https:\\\/\\\/schema.org\",\"@graph\":[{\"@type\":\"BreadcrumbList\",\"@id\":\"https:\\\/\\\/www.orinoxsteel.com\\\/es\\\/privacy-policy\\\/#breadcrumblist\",\"itemListElement\":[{\"@type\":\"ListItem\",\"@id\":\"https:\\\/\\\/www.orinoxsteel.com\\\/es\\\/#listItem\",\"position\":1,\"name\":\"Home\",\"item\":\"https:\\\/\\\/www.orinoxsteel.com\\\/es\\\/\",\"nextItem\":\"https:\\\/\\\/www.orinoxsteel.com\\\/es\\\/privacy-policy\\\/#listItem\"},{\"@type\":\"ListItem\",\"@id\":\"https:\\\/\\\/www.orinoxsteel.com\\\/es\\\/privacy-policy\\\/#listItem\",\"position\":2,\"name\":\"Privacy Policy\",\"previousItem\":\"https:\\\/\\\/www.orinoxsteel.com\\\/es\\\/#listItem\"}]},{\"@type\":\"Organization\",\"@id\":\"https:\\\/\\\/www.orinoxsteel.com\\\/es\\\/#organization\",\"name\":\"Orinox Steel\",\"description\":\"A professional stainless steel supplier with 15+ years of export experience, offers High-quality coil, sheet, pipe, circle, bar, profile and fabricated product.\",\"url\":\"https:\\\/\\\/www.orinoxsteel.com\\\/es\\\/\",\"email\":\"marketing@orinoxsteel.com\",\"telephone\":\"+8613138226177\",\"foundingDate\":\"2000-07-17\",\"numberOfEmployees\":{\"@type\":\"QuantitativeValue\",\"minValue\":10,\"maxValue\":20},\"logo\":{\"@type\":\"ImageObject\",\"url\":\"https:\\\/\\\/www.orinoxsteel.com\\\/wp-content\\\/uploads\\\/2025\\\/07\\\/logo-3.png\",\"@id\":\"https:\\\/\\\/www.orinoxsteel.com\\\/es\\\/privacy-policy\\\/#organizationLogo\"},\"image\":{\"@id\":\"https:\\\/\\\/www.orinoxsteel.com\\\/es\\\/privacy-policy\\\/#organizationLogo\"}},{\"@type\":\"WebPage\",\"@id\":\"https:\\\/\\\/www.orinoxsteel.com\\\/es\\\/privacy-policy\\\/#webpage\",\"url\":\"https:\\\/\\\/www.orinoxsteel.com\\\/es\\\/privacy-policy\\\/\",\"name\":\"Privacy Policy | OrinoxSteel - Stainless Steel Exporter\",\"description\":\"Read how OrinoxSteel handles your data securely. Learn about our privacy practices related to inquiries, advertising, and customer communications.\",\"inLanguage\":\"es-ES\",\"isPartOf\":{\"@id\":\"https:\\\/\\\/www.orinoxsteel.com\\\/es\\\/#website\"},\"breadcrumb\":{\"@id\":\"https:\\\/\\\/www.orinoxsteel.com\\\/es\\\/privacy-policy\\\/#breadcrumblist\"},\"datePublished\":\"2025-07-31T17:14:22+08:00\",\"dateModified\":\"2025-08-04T09:10:18+08:00\"},{\"@type\":\"WebSite\",\"@id\":\"https:\\\/\\\/www.orinoxsteel.com\\\/es\\\/#website\",\"url\":\"https:\\\/\\\/www.orinoxsteel.com\\\/es\\\/\",\"name\":\"orinoxsteel\",\"alternateName\":\"Orinox Stainless Steel Supplier\",\"description\":\"A leading stainless steel supplier\",\"inLanguage\":\"es-ES\",\"publisher\":{\"@id\":\"https:\\\/\\\/www.orinoxsteel.com\\\/es\\\/#organization\"}}]}\n\t\t<\/script>\n\t\t<!-- All in One SEO Pro -->\r\n\t\t<title>Privacy Policy | OrinoxSteel - Stainless Steel Exporter<\/title>\n\n","aioseo_head_json":{"title":"Privacy Policy | OrinoxSteel - Stainless Steel Exporter","description":"Read how OrinoxSteel handles your data securely. Learn about our privacy practices related to inquiries, advertising, and customer communications.","canonical_url":"https:\/\/www.orinoxsteel.com\/es\/privacy-policy\/","robots":"max-image-preview:large","keywords":"","webmasterTools":{"miscellaneous":""},"og:locale":"es_ES","og:site_name":"orinoxsteel \u2013 A leading stainless steel supplier","og:type":"article","og:title":"Privacy Policy | OrinoxSteel - Stainless Steel Exporter","og:description":"Read how OrinoxSteel handles your data securely. Learn about our privacy practices related to inquiries, advertising, and customer communications.","og:url":"https:\/\/www.orinoxsteel.com\/es\/privacy-policy\/","article:published_time":"2025-07-31T09:14:22+00:00","article:modified_time":"2025-08-04T01:10:18+00:00","twitter:card":"summary_large_image","twitter:title":"Privacy Policy | OrinoxSteel - Stainless Steel Exporter","twitter:description":"Read how OrinoxSteel handles your data securely. Learn about our privacy practices related to inquiries, advertising, and customer communications.","schema":{"@context":"https:\/\/schema.org","@graph":[{"@type":"BreadcrumbList","@id":"https:\/\/www.orinoxsteel.com\/es\/privacy-policy\/#breadcrumblist","itemListElement":[{"@type":"ListItem","@id":"https:\/\/www.orinoxsteel.com\/es\/#listItem","position":1,"name":"Home","item":"https:\/\/www.orinoxsteel.com\/es\/","nextItem":"https:\/\/www.orinoxsteel.com\/es\/privacy-policy\/#listItem"},{"@type":"ListItem","@id":"https:\/\/www.orinoxsteel.com\/es\/privacy-policy\/#listItem","position":2,"name":"Privacy Policy","previousItem":"https:\/\/www.orinoxsteel.com\/es\/#listItem"}]},{"@type":"Organization","@id":"https:\/\/www.orinoxsteel.com\/es\/#organization","name":"Orinox Steel","description":"A professional stainless steel supplier with 15+ years of export experience, offers High-quality coil, sheet, pipe, circle, bar, profile and fabricated product.","url":"https:\/\/www.orinoxsteel.com\/es\/","email":"marketing@orinoxsteel.com","telephone":"+8613138226177","foundingDate":"2000-07-17","numberOfEmployees":{"@type":"QuantitativeValue","minValue":10,"maxValue":20},"logo":{"@type":"ImageObject","url":"https:\/\/www.orinoxsteel.com\/wp-content\/uploads\/2025\/07\/logo-3.png","@id":"https:\/\/www.orinoxsteel.com\/es\/privacy-policy\/#organizationLogo"},"image":{"@id":"https:\/\/www.orinoxsteel.com\/es\/privacy-policy\/#organizationLogo"}},{"@type":"WebPage","@id":"https:\/\/www.orinoxsteel.com\/es\/privacy-policy\/#webpage","url":"https:\/\/www.orinoxsteel.com\/es\/privacy-policy\/","name":"Privacy Policy | OrinoxSteel - Stainless Steel Exporter","description":"Read how OrinoxSteel handles your data securely. Learn about our privacy practices related to inquiries, advertising, and customer communications.","inLanguage":"es-ES","isPartOf":{"@id":"https:\/\/www.orinoxsteel.com\/es\/#website"},"breadcrumb":{"@id":"https:\/\/www.orinoxsteel.com\/es\/privacy-policy\/#breadcrumblist"},"datePublished":"2025-07-31T17:14:22+08:00","dateModified":"2025-08-04T09:10:18+08:00"},{"@type":"WebSite","@id":"https:\/\/www.orinoxsteel.com\/es\/#website","url":"https:\/\/www.orinoxsteel.com\/es\/","name":"orinoxsteel","alternateName":"Orinox Stainless Steel Supplier","description":"A leading stainless steel supplier","inLanguage":"es-ES","publisher":{"@id":"https:\/\/www.orinoxsteel.com\/es\/#organization"}}]}},"aioseo_meta_data":{"post_id":"3461","title":"Privacy Policy | OrinoxSteel - Stainless Steel Exporter","description":"Read how OrinoxSteel handles your data securely. Learn about our privacy practices related to inquiries, advertising, and customer communications.","keywords":null,"keyphrases":{"focus":{"keyphrase":"Privacy Policy","score":69,"analysis":{"keyphraseInTitle":{"score":9,"maxScore":9,"error":0},"keyphraseInDescription":{"score":3,"maxScore":9,"error":1},"keyphraseLength":{"score":9,"maxScore":9,"error":0,"length":2},"keyphraseInURL":{"score":5,"maxScore":5,"error":0},"keyphraseInIntroduction":{"score":3,"maxScore":9,"error":1},"keyphraseInSubHeadings":{"score":3,"maxScore":9,"error":1},"keyphraseInImageAlt":[],"keywordDensity":{"type":"best","score":9,"maxScore":9,"error":0}}},"additional":[{"keyphrase":" Stainless Steel","score":42,"analysis":{"keyphraseInDescription":{"score":3,"maxScore":9,"error":1},"keyphraseLength":{"score":9,"maxScore":9,"error":0,"length":2},"keyphraseInIntroduction":{"score":3,"maxScore":9,"error":1},"keyphraseInImageAlt":[],"keywordDensity":{"score":0,"type":"low","maxScore":9,"error":1}}}]},"primary_term":null,"canonical_url":null,"og_title":null,"og_description":null,"og_object_type":"default","og_image_type":"default","og_image_url":null,"og_image_width":null,"og_image_height":null,"og_image_custom_url":null,"og_image_custom_fields":null,"og_video":"","og_custom_url":null,"og_article_section":null,"og_article_tags":null,"twitter_use_og":false,"twitter_card":"default","twitter_image_type":"default","twitter_image_url":null,"twitter_image_custom_url":null,"twitter_image_custom_fields":null,"twitter_title":null,"twitter_description":null,"schema":{"blockGraphs":[],"customGraphs":[],"default":{"data":{"Article":[],"Course":[],"Dataset":[],"FAQPage":[],"Movie":[],"Person":[],"Product":[],"ProductReview":[],"Car":[],"Recipe":[],"Service":[],"SoftwareApplication":[],"WebPage":[]},"graphName":"WebPage","isEnabled":true},"graphs":[]},"schema_type":"default","schema_type_options":null,"pillar_content":false,"robots_default":true,"robots_noindex":false,"robots_noarchive":false,"robots_nosnippet":false,"robots_nofollow":false,"robots_noimageindex":false,"robots_noodp":false,"robots_notranslate":false,"robots_max_snippet":"-1","robots_max_videopreview":"-1","robots_max_imagepreview":"large","priority":null,"frequency":"default","local_seo":null,"breadcrumb_settings":null,"limit_modified_date":false,"open_ai":{"title":{"suggestions":[],"usage":0},"description":{"suggestions":[],"usage":0}},"ai":null,"created":"2025-07-31 09:14:22","updated":"2025-08-04 01:23:27"},"aioseo_breadcrumb":"<div class=\"aioseo-breadcrumbs\"><span class=\"aioseo-breadcrumb\">\n\t<a href=\"https:\/\/www.orinoxsteel.com\/es\" title=\"Home\">Home<\/a>\n<\/span><span class=\"aioseo-breadcrumb-separator\">\u00bb<\/span><span class=\"aioseo-breadcrumb\">\n\tPrivacy Policy\n<\/span><\/div>","aioseo_breadcrumb_json":[{"label":"Home","link":"https:\/\/www.orinoxsteel.com\/es"},{"label":"Privacy Policy","link":"https:\/\/www.orinoxsteel.com\/es\/privacy-policy\/"}],"_links":{"self":[{"href":"https:\/\/www.orinoxsteel.com\/es\/wp-json\/wp\/v2\/pages\/3461","targetHints":{"allow":["GET"]}}],"collection":[{"href":"https:\/\/www.orinoxsteel.com\/es\/wp-json\/wp\/v2\/pages"}],"about":[{"href":"https:\/\/www.orinoxsteel.com\/es\/wp-json\/wp\/v2\/types\/page"}],"author":[{"embeddable":true,"href":"https:\/\/www.orinoxsteel.com\/es\/wp-json\/wp\/v2\/users\/1"}],"replies":[{"embeddable":true,"href":"https:\/\/www.orinoxsteel.com\/es\/wp-json\/wp\/v2\/comments?post=3461"}],"version-history":[{"count":0,"href":"https:\/\/www.orinoxsteel.com\/es\/wp-json\/wp\/v2\/pages\/3461\/revisions"}],"wp:attachment":[{"href":"https:\/\/www.orinoxsteel.com\/es\/wp-json\/wp\/v2\/media?parent=3461"}],"curies":[{"name":"wp","href":"https:\/\/api.w.org\/{rel}","templated":true}]}}