{"id":1436,"date":"2016-01-19T14:52:43","date_gmt":"2016-01-19T14:52:43","guid":{"rendered":"http:\/\/anpsthemes.com\/construction\/?page_id=1436"},"modified":"2025-08-28T10:53:51","modified_gmt":"2025-08-28T02:53:51","slug":"products","status":"publish","type":"page","link":"https:\/\/www.orinoxsteel.com\/es\/products\/","title":{"rendered":"Productos"},"content":{"rendered":"<div class=\"wpb-content-wrapper\"><div class=\"vc_row wpb_row vc_row-fluid\"><div class=\"wpb_column vc_column_container vc_col-md-12\"><div class=\"vc_column-inner\"><div class=\"wpb_wrapper\"><h2 class='heading-left  divider-modern' ><span><em class=\"heading-subtitle\">Soluci\u00f3n integral para todas las necesidades de acero inoxidable<\/em>NUESTROS PRODUCTOS<\/span><\/h2><div class=\"vc_empty_space\"   style=\"height: 20px\"><span class=\"vc_empty_space_inner\"><\/span><\/div>\n\t<div class=\"wpb_text_column wpb_content_element\" >\n\t\t<div class=\"wpb_wrapper\">\n\t\t\t<p data-start=\"56\" data-end=\"301\" class=\"translation-block\"><span style=\"font-size: 14px\">Como proveedor y comerciante emergente de acero inoxidable en China, <strong data-start=\"114\" data-end=\"124\">OrinoxSteel<\/strong> ofrece una amplia gama de productos de acero inoxidable, entre los que se incluyen bobinas, l\u00e1minas, paneles decorativos, bandas, tuber\u00edas\/barras, perfiles y materiales de acero inoxidable con tratamiento de superficie personalizado.<\/span><\/p>\n<p data-start=\"303\" data-end=\"441\"><span style=\"font-size: 14px;\">Suministramos calidades de las series 200, 300 y 400, con acabados de superficie disponibles como No.1, 2B, BA, No.4, HL, 6K y 8K.<\/span><\/p>\n<p data-start=\"443\" data-end=\"839\"><span style=\"font-size: 14px;\">Para satisfacer las necesidades espec\u00edficas de los clientes, tambi\u00e9n ofrecemos materiales personalizados como 2BQ (para estampaci\u00f3n), 2BK (materiales procesados especialmente con acabado 8K) y otros grados especiales. Nuestras opciones de procesado de superficie personalizado incluyen: pulido espejo, cepillado, arenado, grabado, estampado en relieve, estampaci\u00f3n, laminaci\u00f3n, l\u00e1ser 3D, acabado antiguo, recubrimiento antihuellas dactilares, recubrimiento de color PVD y tratamientos impermeables.<\/span><\/p>\n\n\t\t<\/div>\n\t<\/div>\n<\/div><\/div><\/div><\/div><div class=\"vc_row wpb_row vc_row-fluid vc_custom_1453287409122\"><div class=\"wpb_column vc_column_container vc_col-md-4\"><div class=\"vc_column-inner\"><div class=\"wpb_wrapper\"><div class='featured featured-has-link featured-has-content'><div class='featured-header'><a target='_self' href='https:\/\/www.orinoxsteel.com\/es\/stainless-steel-coil-strips\/'><img alt='Stainless Steel Coil&amp;Strips' src='https:\/\/www.orinoxsteel.com\/wp-content\/uploads\/2025\/07\/stainless-steel-coil-item-1.jpg'\/><\/a><\/div><div class='featured-content'><h3 class='featured-title text-uppercase'><a target='_self' href='https:\/\/www.orinoxsteel.com\/es\/stainless-steel-coil-strips\/'>Bobinas y flejes de acero inoxidable<\/a><\/h3><p class='featured-desc'>Las bobinas de acero inoxidable ofrecen una alternativa moderna a las bobinas met\u00e1licas tradicionales, con resistencia duradera a la corrosi\u00f3n y un rendimiento superior.<\/p><a class='btn btn-md btn-minimal' target='_self' href='https:\/\/www.orinoxsteel.com\/es\/stainless-steel-coil-strips\/'>Read more<\/a><\/div><\/div><\/div><\/div><\/div><div class=\"wpb_column vc_column_container vc_col-md-4\"><div class=\"vc_column-inner\"><div class=\"wpb_wrapper\"><div class='featured featured-has-link featured-has-content'><div class='featured-header'><a target='_self' href='\/es\/stainless-steel-sheet\/'><img alt='L\u00e1minas de acero inoxidable' src='https:\/\/www.orinoxsteel.com\/wp-content\/uploads\/2025\/07\/stainless-steel-sheet.jpg'\/><\/a><\/div><div class='featured-content'><h3 class='featured-title text-uppercase'><a target='_self' href='\/es\/stainless-steel-sheet\/'>L\u00e1minas de acero inoxidable<\/a><\/h3><p class='featured-desc'>Las l\u00e1minas de acero inoxidable proporcionan una alternativa elegante y duradera a los materiales convencionales, con excelente resistencia a la corrosi\u00f3n, buena conformabilidad y un rendimiento prolongado en aplicaciones industriales, arquitect\u00f3nicas y decorativas.<\/p><a class='btn btn-md btn-minimal' target='_self' href='\/es\/stainless-steel-sheet\/'>Read more<\/a><\/div><\/div><\/div><\/div><\/div><div class=\"wpb_column vc_column_container vc_col-md-4\"><div class=\"vc_column-inner\"><div class=\"wpb_wrapper\"><div class='featured featured-has-link featured-has-content'><div class='featured-header'><a target='_self' href='\/es\/decorative-stainless-steel-sheet\/'><img alt='L\u00e1minas decorativas de acero inoxidable' src='https:\/\/www.orinoxsteel.com\/wp-content\/uploads\/2025\/07\/Decorative-Stainless-Steel-Sheet.png'\/><\/a><\/div><div class='featured-content'><h3 class='featured-title text-uppercase'><a target='_self' href='\/es\/decorative-stainless-steel-sheet\/'>L\u00e1minas decorativas de acero inoxidable<\/a><\/h3><p class='featured-desc'>Los paneles decorativos de acero inoxidable son una alternativa moderna y resistente a los materiales de decoraci\u00f3n tradicionales, con gran atractivo visual, resistencia a rayaduras y un rendimiento duradero para interiores, exteriores y proyectos de lujo.<\/p><a class='btn btn-md btn-minimal' target='_self' href='\/es\/decorative-stainless-steel-sheet\/'>Read more<\/a><\/div><\/div><\/div><\/div><\/div><\/div><div data-vc-full-width=\"true\" data-vc-full-width-init=\"false\" class=\"vc_row wpb_row vc_row-fluid bg-image-bottom vc_custom_1460118064162 vc_row-has-fill\"><div class=\"wpb_column vc_column_container vc_col-md-4\"><div class=\"vc_column-inner\"><div class=\"wpb_wrapper\"><div class='featured featured-has-link featured-has-content'><div class='featured-header'><a target='_self' href='\/es\/stainless-steel-tubes-pipes\/'><img alt='Stainless Steel Tubes&amp;Pipes' src='https:\/\/www.orinoxsteel.com\/wp-content\/uploads\/2025\/07\/stainless-steel-pipe.jpg'\/><\/a><\/div><div class='featured-content'><h3 class='featured-title text-uppercase'><a target='_self' href='\/es\/stainless-steel-tubes-pipes\/'>Tuber\u00edas y tubos de acero inoxidable<\/a><\/h3><p class='featured-desc'>Ahorre tiempo y dinero con nuestro amplio inventario de tuber\u00edas de acero inoxidable, disponibles en varios tama\u00f1os para adaptarse a cualquier proyecto.<\/p><a class='btn btn-md btn-minimal' target='_self' href='\/es\/stainless-steel-tubes-pipes\/'>Read more<\/a><\/div><\/div><\/div><\/div><\/div><div class=\"wpb_column vc_column_container vc_col-md-4\"><div class=\"vc_column-inner\"><div class=\"wpb_wrapper\"><div class='featured featured-has-link featured-has-content'><div class='featured-header'><a target='_self' href='\/es\/stainless-steel-profile\/'><img alt='Perfil de acero inoxidable' src='https:\/\/www.orinoxsteel.com\/wp-content\/uploads\/2025\/07\/stainless-steel-profile.png'\/><\/a><\/div><div class='featured-content'><h3 class='featured-title text-uppercase'><a target='_self' href='\/es\/stainless-steel-profile\/'>Perfil de acero inoxidable<\/a><\/h3><p class='featured-desc'><\/p>\n<p data-start=\"245\" data-end=\"408\">Explore barras redondas, planas y angulares de alta calidad en acero inoxidable. Resistentes, duraderas y listas para aplicaciones industriales y estructurales.<\/p>\n<p><\/p><a class='btn btn-md btn-minimal' target='_self' href='\/es\/stainless-steel-profile\/'>Read more<\/a><\/div><\/div><\/div><\/div><\/div><div class=\"wpb_column vc_column_container vc_col-md-4\"><div class=\"vc_column-inner\"><div class=\"wpb_wrapper\"><div class='featured featured-has-link featured-has-content'><div class='featured-header'><a target='_self' href='\/es\/stainless-steel-fabrication\/'><img alt='Fabricaci\u00f3n de Acero Inoxidable' src='https:\/\/www.orinoxsteel.com\/wp-content\/uploads\/2025\/07\/stainless-steel-screen.jpg'\/><\/a><\/div><div class='featured-content'><h3 class='featured-title text-uppercase'><a target='_self' href='\/es\/stainless-steel-fabrication\/'>Fabricaci\u00f3n de Acero Inoxidable<\/a><\/h3><p class='featured-desc'><\/p>\n<p data-start=\"245\" data-end=\"408\">Descubra pantallas, discos y molduras de acero inoxidable premium: resistentes a la corrosi\u00f3n, personalizables y perfectos para aplicaciones decorativas, arquitect\u00f3nicas y comerciales.<\/p>\n<p><\/p><a class='btn btn-md btn-minimal' target='_self' href='\/es\/stainless-steel-fabrication\/'>Read more<\/a><\/div><\/div><\/div><\/div><\/div><\/div><div class=\"vc_row-full-width vc_clearfix\"><\/div><div data-vc-full-width=\"true\" data-vc-full-width-init=\"false\" class=\"vc_row wpb_row vc_row-fluid vc_custom_1460118108572 vc_row-has-fill\"><div class=\"wpb_column vc_column_container vc_col-md-12\"><div class=\"vc_column-inner vc_custom_1453295795563\"><div class=\"wpb_wrapper\"><div class=\"download\"><div class='download-content text-uppercase' style='color: #ffffff'>Descargar Cat\u00e1logo Completo de Especificaciones<\/div><a target='_blank' href='https:\/\/www.orinoxsteel.com\/wp-content\/uploads\/2025\/08\/orinox-steel-catalog-2025-1.pdf' class='btn btn-md btn-dark btn-shadow'>Descargar<\/a><\/div><\/div><\/div><\/div><\/div><div class=\"vc_row-full-width vc_clearfix\"><\/div>\n<\/div>","protected":false},"excerpt":{"rendered":"One-Stop Solution for All Stainless Steel NeedsOUR PRODUCTS As a rising stainless steel supplier and trader in China, OrinoxSteel offers a wide range of stainless steel products, including coils, sheets, decorative panels, strips, pipes\/bars, profiles, and custom surface-treated stainless steel &hellip;","protected":false},"author":1,"featured_media":0,"parent":0,"menu_order":0,"comment_status":"closed","ping_status":"closed","template":"","meta":{"footnotes":""},"class_list":["post-1436","page","type-page","status-publish","hentry"],"aioseo_notices":[],"aioseo_head":"\n\t\t<!-- All in One SEO Pro 4.7.9 - aioseo.com -->\n\t\t<meta name=\"description\" content=\"Browse our full range of stainless steel products: coils, sheets, pipes, profiles, trims, and custom fabrications. Quality assured for industrial and decorative\" \/>\n\t\t<meta name=\"robots\" content=\"max-image-preview:large\" \/>\n\t\t<link rel=\"canonical\" href=\"https:\/\/www.orinoxsteel.com\/es\/products\/\" \/>\n\t\t<meta name=\"generator\" content=\"All in One SEO Pro (AIOSEO) 4.7.9\" \/>\n\t\t<meta property=\"og:locale\" content=\"es_ES\" \/>\n\t\t<meta property=\"og:site_name\" content=\"orinoxsteel \u2013 A leading stainless steel supplier\" \/>\n\t\t<meta property=\"og:type\" content=\"article\" \/>\n\t\t<meta property=\"og:title\" content=\"Stainless Steel Coil, Sheet &amp; More Products \u2013 OrinoxSteel\" \/>\n\t\t<meta property=\"og:description\" content=\"Browse our full range of stainless steel products: coils, sheets, pipes, profiles, trims, and custom fabrications. Quality assured for industrial and decorative\" \/>\n\t\t<meta property=\"og:url\" content=\"https:\/\/www.orinoxsteel.com\/es\/products\/\" \/>\n\t\t<meta property=\"article:published_time\" content=\"2016-01-19T14:52:43+00:00\" \/>\n\t\t<meta property=\"article:modified_time\" content=\"2025-08-28T02:53:51+00:00\" \/>\n\t\t<meta name=\"twitter:card\" content=\"summary_large_image\" \/>\n\t\t<meta name=\"twitter:title\" content=\"Stainless Steel Coil, Sheet &amp; More Products \u2013 OrinoxSteel\" \/>\n\t\t<meta name=\"twitter:description\" content=\"Browse our full range of stainless steel products: coils, sheets, pipes, profiles, trims, and custom fabrications. Quality assured for industrial and decorative\" \/>\n\t\t<script type=\"application\/ld+json\" class=\"aioseo-schema\">\n\t\t\t{\"@context\":\"https:\\\/\\\/schema.org\",\"@graph\":[{\"@type\":\"BreadcrumbList\",\"@id\":\"https:\\\/\\\/www.orinoxsteel.com\\\/es\\\/products\\\/#breadcrumblist\",\"itemListElement\":[{\"@type\":\"ListItem\",\"@id\":\"https:\\\/\\\/www.orinoxsteel.com\\\/es\\\/#listItem\",\"position\":1,\"name\":\"Home\",\"item\":\"https:\\\/\\\/www.orinoxsteel.com\\\/es\\\/\",\"nextItem\":\"https:\\\/\\\/www.orinoxsteel.com\\\/es\\\/products\\\/#listItem\"},{\"@type\":\"ListItem\",\"@id\":\"https:\\\/\\\/www.orinoxsteel.com\\\/es\\\/products\\\/#listItem\",\"position\":2,\"name\":\"Products\",\"previousItem\":\"https:\\\/\\\/www.orinoxsteel.com\\\/es\\\/#listItem\"}]},{\"@type\":\"Organization\",\"@id\":\"https:\\\/\\\/www.orinoxsteel.com\\\/es\\\/#organization\",\"name\":\"Orinox Steel\",\"description\":\"A professional stainless steel supplier with 15+ years of export experience, offers High-quality coil, sheet, pipe, circle, bar, profile and fabricated product.\",\"url\":\"https:\\\/\\\/www.orinoxsteel.com\\\/es\\\/\",\"email\":\"marketing@orinoxsteel.com\",\"telephone\":\"+8613138226177\",\"foundingDate\":\"2000-07-17\",\"numberOfEmployees\":{\"@type\":\"QuantitativeValue\",\"minValue\":10,\"maxValue\":20},\"logo\":{\"@type\":\"ImageObject\",\"url\":\"https:\\\/\\\/www.orinoxsteel.com\\\/wp-content\\\/uploads\\\/2025\\\/07\\\/logo-3.png\",\"@id\":\"https:\\\/\\\/www.orinoxsteel.com\\\/es\\\/products\\\/#organizationLogo\"},\"image\":{\"@id\":\"https:\\\/\\\/www.orinoxsteel.com\\\/es\\\/products\\\/#organizationLogo\"}},{\"@type\":\"WebPage\",\"@id\":\"https:\\\/\\\/www.orinoxsteel.com\\\/es\\\/products\\\/#webpage\",\"url\":\"https:\\\/\\\/www.orinoxsteel.com\\\/es\\\/products\\\/\",\"name\":\"Stainless Steel Coil, Sheet & More Products \\u2013 OrinoxSteel\",\"description\":\"Browse our full range of stainless steel products: coils, sheets, pipes, profiles, trims, and custom fabrications. Quality assured for industrial and decorative\",\"inLanguage\":\"es-ES\",\"isPartOf\":{\"@id\":\"https:\\\/\\\/www.orinoxsteel.com\\\/es\\\/#website\"},\"breadcrumb\":{\"@id\":\"https:\\\/\\\/www.orinoxsteel.com\\\/es\\\/products\\\/#breadcrumblist\"},\"datePublished\":\"2016-01-19T14:52:43+08:00\",\"dateModified\":\"2025-08-28T10:53:51+08:00\"},{\"@type\":\"WebSite\",\"@id\":\"https:\\\/\\\/www.orinoxsteel.com\\\/es\\\/#website\",\"url\":\"https:\\\/\\\/www.orinoxsteel.com\\\/es\\\/\",\"name\":\"orinoxsteel\",\"alternateName\":\"Orinox Stainless Steel Supplier\",\"description\":\"A leading stainless steel supplier\",\"inLanguage\":\"es-ES\",\"publisher\":{\"@id\":\"https:\\\/\\\/www.orinoxsteel.com\\\/es\\\/#organization\"}}]}\n\t\t<\/script>\n\t\t<!-- All in One SEO Pro -->\r\n\t\t<title>Stainless Steel Coil, Sheet &amp; More Products \u2013 OrinoxSteel<\/title>\n\n","aioseo_head_json":{"title":"Bobina de Acero Inoxidable, L\u00e1mina y M\u00e1s Productos \u2013 OrinoxSteel","description":"Explora nuestra gama completa de productos de acero inoxidable: bobinas, l\u00e1minas, tubos, perfiles, molduras y fabricaciones personalizadas. Calidad garantizada para uso industrial y decorativo.","canonical_url":"https:\/\/www.orinoxsteel.com\/es\/products\/","robots":"max-image-preview:large","keywords":"","webmasterTools":{"miscellaneous":""},"og:locale":"es_ES","og:site_name":"orinoxsteel \u2013 A leading stainless steel supplier","og:type":"article","og:title":"Stainless Steel Coil, Sheet &amp; More Products \u2013 OrinoxSteel","og:description":"Browse our full range of stainless steel products: coils, sheets, pipes, profiles, trims, and custom fabrications. Quality assured for industrial and decorative","og:url":"https:\/\/www.orinoxsteel.com\/es\/products\/","article:published_time":"2016-01-19T14:52:43+00:00","article:modified_time":"2025-08-28T02:53:51+00:00","twitter:card":"summary_large_image","twitter:title":"Stainless Steel Coil, Sheet &amp; More Products \u2013 OrinoxSteel","twitter:description":"Browse our full range of stainless steel products: coils, sheets, pipes, profiles, trims, and custom fabrications. Quality assured for industrial and decorative","schema":{"@context":"https:\/\/schema.org","@graph":[{"@type":"BreadcrumbList","@id":"https:\/\/www.orinoxsteel.com\/es\/products\/#breadcrumblist","itemListElement":[{"@type":"ListItem","@id":"https:\/\/www.orinoxsteel.com\/es\/#listItem","position":1,"name":"Home","item":"https:\/\/www.orinoxsteel.com\/es\/","nextItem":"https:\/\/www.orinoxsteel.com\/es\/products\/#listItem"},{"@type":"ListItem","@id":"https:\/\/www.orinoxsteel.com\/es\/products\/#listItem","position":2,"name":"Products","previousItem":"https:\/\/www.orinoxsteel.com\/es\/#listItem"}]},{"@type":"Organization","@id":"https:\/\/www.orinoxsteel.com\/es\/#organization","name":"Orinox Steel","description":"A professional stainless steel supplier with 15+ years of export experience, offers High-quality coil, sheet, pipe, circle, bar, profile and fabricated product.","url":"https:\/\/www.orinoxsteel.com\/es\/","email":"marketing@orinoxsteel.com","telephone":"+8613138226177","foundingDate":"2000-07-17","numberOfEmployees":{"@type":"QuantitativeValue","minValue":10,"maxValue":20},"logo":{"@type":"ImageObject","url":"https:\/\/www.orinoxsteel.com\/wp-content\/uploads\/2025\/07\/logo-3.png","@id":"https:\/\/www.orinoxsteel.com\/es\/products\/#organizationLogo"},"image":{"@id":"https:\/\/www.orinoxsteel.com\/es\/products\/#organizationLogo"}},{"@type":"WebPage","@id":"https:\/\/www.orinoxsteel.com\/es\/products\/#webpage","url":"https:\/\/www.orinoxsteel.com\/es\/products\/","name":"Stainless Steel Coil, Sheet & More Products \u2013 OrinoxSteel","description":"Browse our full range of stainless steel products: coils, sheets, pipes, profiles, trims, and custom fabrications. Quality assured for industrial and decorative","inLanguage":"es-ES","isPartOf":{"@id":"https:\/\/www.orinoxsteel.com\/es\/#website"},"breadcrumb":{"@id":"https:\/\/www.orinoxsteel.com\/es\/products\/#breadcrumblist"},"datePublished":"2016-01-19T14:52:43+08:00","dateModified":"2025-08-28T10:53:51+08:00"},{"@type":"WebSite","@id":"https:\/\/www.orinoxsteel.com\/es\/#website","url":"https:\/\/www.orinoxsteel.com\/es\/","name":"orinoxsteel","alternateName":"Orinox Stainless Steel Supplier","description":"A leading stainless steel supplier","inLanguage":"es-ES","publisher":{"@id":"https:\/\/www.orinoxsteel.com\/es\/#organization"}}]}},"aioseo_meta_data":{"post_id":"1436","title":"Stainless Steel Coil, Sheet &amp; More Products \u2013 OrinoxSteel","description":"Explora nuestra gama completa de productos de acero inoxidable: bobinas, l\u00e1minas, tubos, perfiles, molduras y fabricaciones personalizadas. Calidad garantizada para uso industrial y decorativo.","keywords":null,"keyphrases":{"focus":{"keyphrase":"stainless steel","score":62,"analysis":{"keyphraseInTitle":{"score":9,"maxScore":9,"error":0},"keyphraseInDescription":{"score":9,"maxScore":9,"error":0},"keyphraseLength":{"score":9,"maxScore":9,"error":0,"length":2},"keyphraseInURL":{"score":1,"maxScore":5,"error":1},"keyphraseInIntroduction":{"score":3,"maxScore":9,"error":1},"keyphraseInSubHeadings":[],"keyphraseInImageAlt":[],"keywordDensity":{"score":0,"type":"low","maxScore":9,"error":1}}},"additional":[{"keyphrase":"coils","score":58,"analysis":{"keyphraseInDescription":{"score":9,"maxScore":9,"error":0},"keyphraseLength":{"score":9,"maxScore":9,"error":0,"length":1},"keyphraseInIntroduction":{"score":3,"maxScore":9,"error":1},"keyphraseInImageAlt":[],"keywordDensity":{"score":0,"type":"low","maxScore":9,"error":1}}},{"keyphrase":"sheets","score":58,"analysis":{"keyphraseInDescription":{"score":9,"maxScore":9,"error":0},"keyphraseLength":{"score":9,"maxScore":9,"error":0,"length":1},"keyphraseInIntroduction":{"score":3,"maxScore":9,"error":1},"keyphraseInImageAlt":[],"keywordDensity":{"score":0,"type":"low","maxScore":9,"error":1}}},{"keyphrase":"profiles","score":58,"analysis":{"keyphraseInDescription":{"score":9,"maxScore":9,"error":0},"keyphraseLength":{"score":9,"maxScore":9,"error":0,"length":1},"keyphraseInIntroduction":{"score":3,"maxScore":9,"error":1},"keyphraseInImageAlt":[],"keywordDensity":{"score":0,"type":"low","maxScore":9,"error":1}}},{"keyphrase":"pipes","score":58,"analysis":{"keyphraseInDescription":{"score":9,"maxScore":9,"error":0},"keyphraseLength":{"score":9,"maxScore":9,"error":0,"length":1},"keyphraseInIntroduction":{"score":3,"maxScore":9,"error":1},"keyphraseInImageAlt":[],"keywordDensity":{"score":0,"type":"low","maxScore":9,"error":1}}},{"keyphrase":"Decorative","score":58,"analysis":{"keyphraseInDescription":{"score":9,"maxScore":9,"error":0},"keyphraseLength":{"score":9,"maxScore":9,"error":0,"length":1},"keyphraseInIntroduction":{"score":3,"maxScore":9,"error":1},"keyphraseInImageAlt":[],"keywordDensity":{"score":0,"type":"low","maxScore":9,"error":1}}},{"keyphrase":"strips","score":42,"analysis":{"keyphraseInDescription":{"score":3,"maxScore":9,"error":1},"keyphraseLength":{"score":9,"maxScore":9,"error":0,"length":1},"keyphraseInIntroduction":{"score":3,"maxScore":9,"error":1},"keyphraseInImageAlt":[],"keywordDensity":{"score":0,"type":"low","maxScore":9,"error":1}}}]},"primary_term":null,"canonical_url":null,"og_title":null,"og_description":null,"og_object_type":"default","og_image_type":"default","og_image_url":null,"og_image_width":null,"og_image_height":null,"og_image_custom_url":null,"og_image_custom_fields":null,"og_video":"","og_custom_url":null,"og_article_section":null,"og_article_tags":null,"twitter_use_og":false,"twitter_card":"default","twitter_image_type":"default","twitter_image_url":null,"twitter_image_custom_url":null,"twitter_image_custom_fields":null,"twitter_title":null,"twitter_description":null,"schema":{"blockGraphs":[],"customGraphs":[],"default":{"data":{"Article":[],"Course":[],"Dataset":[],"FAQPage":[],"Movie":[],"Person":[],"Product":[],"ProductReview":[],"Car":[],"Recipe":[],"Service":[],"SoftwareApplication":[],"WebPage":[]},"graphName":"WebPage","isEnabled":true},"graphs":[]},"schema_type":"default","schema_type_options":null,"pillar_content":false,"robots_default":true,"robots_noindex":false,"robots_noarchive":false,"robots_nosnippet":false,"robots_nofollow":false,"robots_noimageindex":false,"robots_noodp":false,"robots_notranslate":false,"robots_max_snippet":"-1","robots_max_videopreview":"-1","robots_max_imagepreview":"large","priority":null,"frequency":"default","local_seo":null,"breadcrumb_settings":null,"limit_modified_date":false,"open_ai":{"title":{"suggestions":[],"usage":0},"description":{"suggestions":[],"usage":0}},"ai":null,"created":"2025-07-28 04:24:32","updated":"2025-08-28 02:54:22"},"aioseo_breadcrumb":"<div class=\"aioseo-breadcrumbs\"><span class=\"aioseo-breadcrumb\">\n\t<a href=\"https:\/\/www.orinoxsteel.com\/es\" title=\"Home\">Home<\/a>\n<\/span><span class=\"aioseo-breadcrumb-separator\">\u00bb<\/span><span class=\"aioseo-breadcrumb\">\n\tProducts\n<\/span><\/div>","aioseo_breadcrumb_json":[{"label":"Home","link":"https:\/\/www.orinoxsteel.com\/es"},{"label":"Products","link":"https:\/\/www.orinoxsteel.com\/es\/products\/"}],"_links":{"self":[{"href":"https:\/\/www.orinoxsteel.com\/es\/wp-json\/wp\/v2\/pages\/1436","targetHints":{"allow":["GET"]}}],"collection":[{"href":"https:\/\/www.orinoxsteel.com\/es\/wp-json\/wp\/v2\/pages"}],"about":[{"href":"https:\/\/www.orinoxsteel.com\/es\/wp-json\/wp\/v2\/types\/page"}],"author":[{"embeddable":true,"href":"https:\/\/www.orinoxsteel.com\/es\/wp-json\/wp\/v2\/users\/1"}],"replies":[{"embeddable":true,"href":"https:\/\/www.orinoxsteel.com\/es\/wp-json\/wp\/v2\/comments?post=1436"}],"version-history":[{"count":0,"href":"https:\/\/www.orinoxsteel.com\/es\/wp-json\/wp\/v2\/pages\/1436\/revisions"}],"wp:attachment":[{"href":"https:\/\/www.orinoxsteel.com\/es\/wp-json\/wp\/v2\/media?parent=1436"}],"curies":[{"name":"wp","href":"https:\/\/api.w.org\/{rel}","templated":true}]}}